{"id":5611,"date":"2021-02-23T17:33:06","date_gmt":"2021-02-23T16:33:06","guid":{"rendered":"https:\/\/filmfalt.media\/drohnenaufnahmen\/"},"modified":"2023-01-27T10:11:07","modified_gmt":"2023-01-27T09:11:07","slug":"drone-footage-in-brilliant-4k-quality","status":"publish","type":"page","link":"https:\/\/filmfalt.media\/en\/drone-footage-in-brilliant-4k-quality\/","title":{"rendered":"Drone footage in brilliant 4K quality"},"content":{"rendered":"<div class=\"wpb-content-wrapper\"><p>[vc_row full_width=&#8221;stretch_row_content_no_spaces&#8221; full_height=&#8221;yes&#8221; content_placement=&#8221;middle&#8221; el_class=&#8221;unterseiten-header&#8221;][vc_column][vc_raw_html]JTVCdmlkZW9fc2hvcnRjb2RlJTBBdmlkZW8lM0QlMjIlMkZ3cC1jb250ZW50JTJGdGhlbWVzJTJGc2Fuc2FyYS1jaGlsZCUyRnZpZGVvcyUyRkRyb2huZW5hdWZuYWhtZS5tcDQlMjIlMEFwb3N0ZXIlM0QlMjJodHRwcyUzQSUyRiUyRmZpbG1mYWx0Lm1lZGlhJTJGd3AtY29udGVudCUyRnVwbG9hZHMlMkYyMDIxJTJGMDclMkZEcm9obmVuYXVmbmFobWUuanBnJTIyJTBBJTVE[\/vc_raw_html][vc_row_inner el_class=&#8221;position-absolute&#8221;][vc_column_inner]<div class=\"pt-special-heading pt-special-heading-5e60dcdbd37c8  wpb_animate_when_almost_visible wpb_fadeInLeft fadeInLeft tac\"><h6 class=\"sub-heading\">DIE WELT VON OBEN - IN BRILLANTER 4K QUALIT\u00c4T!<\/h6><h2 class=\"heading\">Drohnenaufnahmen<\/h2><\/div>[vc_btn title=&#8221;Drohnenaufnahmen anfragen!&#8221; color=&#8221;orange&#8221; align=&#8221;center&#8221; link=&#8221;url:%2F%23kontakt|||&#8221;][\/vc_column_inner][\/vc_row_inner][\/vc_column][\/vc_row][vc_row css=&#8221;.vc_custom_1584456751108{margin-top: 300px !important;margin-bottom: 300px !important;}&#8221; el_class=&#8221;sub-h-gr u-kurztext&#8221;][vc_column width=&#8221;1\/6&#8243;][\/vc_column][vc_column width=&#8221;2\/3&#8243;]<div class=\"pt-special-heading pt-special-heading-5e567cb2cfb89  wpb_animate_when_almost_visible wpb_fadeInUp fadeInUp tac\"><h6 class=\"sub-heading\">Beeindrucken Sie Ihre KundInnen mit neuen Perspektiven.<\/h6><\/div>[vc_column_text css_animation=&#8221;fadeInUp&#8221;]<\/p>\n<p class=\"p1\" style=\"text-align: center;\">Schon einmal daran gedacht Ihre Firmenhomepage, Ihre Brosch\u00fcre oder Ihren Imagefilm mit spektakul\u00e4ren Luftbildern und Videos zu versch\u00f6nern? Mit unserer Hightech Drohne bieten wir Ihnen ausdrucksstarke Luftaufnahmen! Ob hochaufl\u00f6sende Fotos oder Videoaufnahmen in brillanter 4K-Qualit\u00e4t, zeigen Sie Ihr Unternehmen, Ihre Region, Ihr Hotel oder Ihr Bauvorhaben von oben. Verbessern Sie Ihren Wiedererkennungswert und Ihre Au\u00dfendarstellung. Denn<i> <\/i>unsere Drohnenaufnahmen sind wahre Hingucker!<\/p>\n<p>&nbsp;<\/p>\n<p>[\/vc_column_text]<div class=\"video-block video-block-69dd148da9ed8 white popup-gallery  wpb_animate_when_almost_visible wpb_fadeInUp fadeInUp\"><div class=\"popup-item\" style=\"background-image: url(https:\/\/filmfalt.media\/wp-content\/uploads\/2020\/05\/Tourismus-wanderer-schaut-in-die-ferne-besteigung-berg-aussicht-natur-su\u0308dtirol-pexels-photo-487593.jpg);\"><div class=\"area\"><a href=\"#\" data-type=\"video\" data-size=\"960x640\" data-video='<div class=\"wrapper\"><div class=\"video-wrapper\"><iframe loading=\"lazy\" class=\"pswp__video\" width=\"1920\" height=\"1080\" src=\"https:\/\/youtube.com\/embed\/h0XWpQ7ge3U?rel=0&#038;controls=0&#038;showinfo=0\" frameborder=\"0\" allowfullscreen><\/iframe><\/div><\/div>'><div><i class=\"ui-interface-play-button\"><\/i><\/div><\/a><\/div><\/div><\/div>[\/vc_column][vc_column width=&#8221;1\/6&#8243;][\/vc_column][\/vc_row][vc_row el_class=&#8221;u-beschreibung&#8221;][vc_column]<div class=\"pt-special-heading pt-special-heading-5e674ef29c171  wpb_animate_when_almost_visible wpb_fadeInUp fadeInUp tac  vc_custom_1614261375533\"><div class=\"heading-container\"><h2 class=\"heading\">Erfolgreiches Marketing mit professionellen Luftbildern und Videos!<\/h2><\/div><\/div>[\/vc_column][vc_column css_animation=&#8221;fadeInLeft&#8221; width=&#8221;1\/2&#8243;][vc_column_text el_class=&#8221;block-satz&#8221;]<\/p>\n<p class=\"p1\">Drohnenaufnahmen haben sich vom Hype zum echten Must-have entwickelt: mittlerweile gibt es kaum eine Werbung oder eine Webseite ohne die eindrucksvollen Bilder &amp; Videos von oben. Ihre Vorteile liegen dabei klar auf der Hand: bieten Sie Ihren Kunden einen einzigartigen Rundumblick und machen Sie aus Ihrer Firmenpr\u00e4sentation ein emotionales Erlebnis. Heben Sie sich von Ihrer Konkurrenz durch innovative Drohnenaufnahmen ab. Erg\u00e4nzen Sie Ihre Luftaufnahmen mit edlen, interaktiven Zusatzinformationen dank eindrucksvoller Texteinblendungen. Bestellen Sie Fotos und Videoaufnahmen zum verg\u00fcnstigten Paketpreis.<\/p>\n<p>[\/vc_column_text][\/vc_column][vc_column css_animation=&#8221;fadeInRight&#8221; width=&#8221;1\/2&#8243;][vc_column_text el_class=&#8221;block-satz&#8221;]<\/p>\n<p class=\"p1\">Die Einsatzgebiete von Drohnenaufnahmen sind vielf\u00e4ltig: Ob als Werbefilm f\u00fcr Hotels und Unternehmen jeglicher Art, Tourismusfilm, Immobilienvideo oder Dokumentation von Bauprojekten. Unsere erfahrene Drohnenpiloten beraten Sie ausf\u00fchrlich und t\u00fcfteln akribisch, wie wir Ihr Unternehmen am Besten in Szene setzen. Wir \u00fcbernehmen die Planung und holen s\u00e4mtliche beh\u00f6rdliche Genehmigungen und Aufstiegserlaubnisse ein. Das ist unser Full-Service! Alle Piloten verf\u00fcgen \u00fcber eine Lizenzierung durch die Austro Control. Wir setzen Ihre W\u00fcnsche punktgenau und flexibel um. Unsere Drohnenbilder bieten einen echten Mehrwert!<\/p>\n<p>[\/vc_column_text][\/vc_column][\/vc_row][vc_row el_class=&#8221;bullets&#8221; css=&#8221;.vc_custom_1583936565545{margin-top: 30px !important;margin-bottom: 100px !important;}&#8221;][vc_column width=&#8221;1\/5&#8243;]<div class=\"icon-box icon-box-5e675305993c5  wpb_animate_when_almost_visible wpb_fadeInUp fadeInUp\"><div class=\"icon music-and-multimedia-linear-megaphone\"><\/div><div class=\"desc\">Luftbilder und Videos in Topqualit\u00e4t<\/div><\/div>[\/vc_column][vc_column width=&#8221;1\/5&#8243;]<div class=\"icon-box icon-box-  wpb_animate_when_almost_visible wpb_fadeInUp fadeInUp\"><div class=\"icon beautiful-camera-focusing-target\"><\/div><div class=\"desc\">Erfahrene Drohnenpiloten<\/div><\/div>[\/vc_column][vc_column width=&#8221;1\/5&#8243;]<div class=\"icon-box icon-box-  wpb_animate_when_almost_visible wpb_fadeInUp fadeInUp\"><div class=\"icon beautiful-camera-red-light\"><\/div><div class=\"desc\">Austro Control Lizenzierung<\/div><\/div>[\/vc_column][vc_column width=&#8221;1\/5&#8243;]<div class=\"icon-box icon-box-  wpb_animate_when_almost_visible wpb_fadeInUp fadeInUp\"><div class=\"icon beautiful-camera-big-instagram-logo\"><\/div><div class=\"desc\">Kosteng\u00fcnstig &amp; flexibel<\/div><\/div>[\/vc_column][vc_column width=&#8221;1\/5&#8243;]<div class=\"icon-box icon-box-  wpb_animate_when_almost_visible wpb_fadeInUp fadeInUp\"><div class=\"icon beautiful-camera-day-light\"><\/div><div class=\"desc\">Full Service - von der Beratung zum Flug<\/div><\/div>[\/vc_column][\/vc_row][vc_row full_width=&#8221;stretch_row_content&#8221; equal_height=&#8221;yes&#8221; parallax=&#8221;content-moving&#8221; parallax_image=&#8221;3180&#8243; css_animation=&#8221;none&#8221; stick=&#8221;&#8221; el_class=&#8221;u-facts&#8221;][vc_column css_animation=&#8221;fadeInUp&#8221;]<div class=\"pt-special-heading pt-special-heading-5e567fcfa6ee9  tac\"><div class=\"heading-container\"><h2 class=\"heading\">Quickfacts<\/h2><\/div><\/div>[\/vc_column][vc_column css_animation=&#8221;none&#8221; width=&#8221;1\/3&#8243; el_class=&#8221;fact-box&#8221;][vc_column_text]<\/p>\n<h4 style=\"text-align: center;\">GENRE<\/h4>\n<p class=\"p1\" style=\"text-align: center;\">Drohnenaufnahmen &#8211; also hochwertige Fotos (20 Megapixel; 5472\u00d73648 JPEG oder DNG-RAW) und 4K-Videos zeigen Ihr Unternehmen von oben. Auf Wunsch bearbeiten wir Ihre Fotos oder erstellen wundersch\u00f6ne Slow-Motion Video oder beeindruckende Zeitraffer.<\/p>\n<p>[\/vc_column_text][\/vc_column][vc_column css_animation=&#8221;none&#8221; width=&#8221;1\/3&#8243; el_class=&#8221;fact-box&#8221;][vc_column_text]<\/p>\n<h4 style=\"text-align: center;\">EINSATZ<\/h4>\n<p class=\"p1\" style=\"text-align: center;\">Die Einsatzgebiete von Drohnenaufnahmen sind vielf\u00e4ltig. Ob Werbefilme f\u00fcr Hotels und Unternehmen jeglicher Art, Tourismusfilme, Printanzeigen, Immobilienvideos, Dokumentationen von Bauprojekten oder Pr\u00e4sentationsvideos f\u00fcr Ihre Homepage\u2026wir veredeln Ihren Markenauftritt.<\/p>\n<p>[\/vc_column_text][\/vc_column][vc_column css_animation=&#8221;none&#8221; width=&#8221;1\/3&#8243; el_class=&#8221;fact-box&#8221;][vc_column_text]<\/p>\n<h4 style=\"text-align: center;\">BUDGET<\/h4>\n<p class=\"p1\" style=\"text-align: center;\">Die effektiven Kosten sind abh\u00e4ngig von mehreren Faktoren (Anzahl der Fl\u00fcge, Komplexit\u00e4t der Aufnahmen, Kosten f\u00fcr eine etwaige Genehmigung etc.) Wir stellen Ihnen gerne ein individuelles Angebot zu fairen Konditionen zusammen.<\/p>\n<p>[\/vc_column_text][\/vc_column][\/vc_row][vc_row css=&#8221;.vc_custom_1584456794473{margin-top: 200px !important;margin-bottom: 200px !important;}&#8221; el_class=&#8221;u-portfolio&#8221;][vc_column]<div class=\"pt-special-heading pt-special-heading-5e56778e167ee  wpb_animate_when_almost_visible wpb_fadeInLeft fadeInLeft tal\"><div class=\"heading-container\"><h6 class=\"sub-heading\">Zeigen Sie Ihr Unternehmen, Ihre Region, Ihr Hotel von der besten Seite - VON OBEN!<\/h6><h2 class=\"heading\">So k\u00f6nnten Ihre Drohnenaufnahmen aussehen!<\/h2><\/div><\/div><div class=\"portfolio-block\"><div class=\"portfolio-items row portfolio-type-grid gap-on cols-3 hover-style5 portfolio-5e56784deec01 popup-gallery\"><div class=\"grid-sizer col-1\"><\/div><article class=\"portfolio-item popup-item  image-center with-video col-xs-12 col-sm-4 col-md-4\"><div class=\"wrap  wpb_animate_when_almost_visible wpb_fadeInUp fadeInUp\"><div class=\"v-i ui-interface-play-button\"><\/div><div class=\"a-img\"><div style=\"background-image: url(https:\/\/filmfalt.media\/wp-content\/uploads\/2020\/05\/Tourismusfilm-Wunderscho\u0308ne-Natur-Berge-pexels-photo-270736-1024x684.jpg);\"><\/div><\/div><div class=\"cell-block\"><h4>K\u00e4rnten &quot;Natur Aktiv&quot; Spot - Karnische Milchstra\u00dfe<\/h4><div class=\"button-style1\">view project<\/div><\/div><\/div><a href=\"#\" class=\"link\" data-type=\"video\" data-size=\"1920x1080\" data-video='<div class=\"wrapper\"><div class=\"video-wrapper\"><iframe loading=\"lazy\" class=\"pswp__video\" width=\"1920\" height=\"1080\" src=\"https:\/\/youtube.com\/embed\/e2UzP3A3R5k?rel=0&#038;controls=0&#038;showinfo=0\" frameborder=\"0\" allowfullscreen><\/iframe><\/div><\/div>' data-id=\"0\"><span><\/span><\/a><\/article><article class=\"portfolio-item category-filme popup-item  image-center with-video col-xs-12 col-sm-4 col-md-4\"><div class=\"wrap  wpb_animate_when_almost_visible wpb_fadeInUp fadeInUp\"><div class=\"v-i ui-interface-play-button\"><\/div><div class=\"a-img\"><div style=\"background-image: url(https:\/\/filmfalt.media\/wp-content\/uploads\/2020\/05\/Tourismusfilm-Wunderscho\u0308ner-Wald-Natur-pexels-photo-131723-1024x680.jpg);\"><\/div><\/div><div class=\"cell-block\"><h4>Naturparke \u00d6sterreich - Landschaften voller Leben<\/h4><div class=\"button-style1\">view project<\/div><\/div><\/div><a href=\"#\" class=\"link\" data-type=\"video\" data-size=\"1920x1080\" data-video='<div class=\"wrapper\"><div class=\"video-wrapper\"><iframe loading=\"lazy\" class=\"pswp__video\" width=\"1920\" height=\"1080\" src=\"https:\/\/youtube.com\/embed\/_SiTN1JEeWY?rel=0&#038;controls=0&#038;showinfo=0\" frameborder=\"0\" allowfullscreen><\/iframe><\/div><\/div>' data-id=\"1\"><span><\/span><\/a><\/article><\/div><\/div>[\/vc_column][\/vc_row][vc_row full_width=&#8221;stretch_row&#8221; content_placement=&#8221;top&#8221; color_overlay=&#8221;true&#8221; awb_type=&#8221;yt_vm_video&#8221; awb_video=&#8221;https:\/\/www.youtube.com\/watch?v=t56JFBFFKUI&#8221; awb_video_mobile=&#8221;1&#8243; css=&#8221;.vc_custom_1585830617351{margin-top: 200px !important;padding-top: 100px !important;padding-bottom: 100px !important;}&#8221; color_overlay_color=&#8221;rgba(0,0,0,0.5)&#8221; el_class=&#8221;beratung&#8221; el_id=&#8221;beratungsgespraech&#8221;][vc_column]<div class=\"pt-special-heading pt-special-heading-  wpb_animate_when_almost_visible wpb_fadeInUp fadeInUp tac\"><div class=\"heading-container\"><h2 class=\"heading\">Jetzt kostenloses Beratungs\u00adgespr\u00e4ch anfordern.<\/h2><\/div><\/div>[\/vc_column][vc_column css_animation=&#8221;fadeInUp&#8221; width=&#8221;1\/2&#8243; el_class=&#8221;tel-nr&#8221;]<div class=\"contact-row color  \"><i class=\"base-icons-phone-call\"><\/i><span>+436607891665<\/span><\/div>[\/vc_column][vc_column css_animation=&#8221;fadeInUp&#8221; width=&#8221;1\/2&#8243; el_class=&#8221;mail-nr&#8221;]<div class=\"contact-row color  \"><i class=\"base-icons-envelope\"><\/i><span>INFO@FILMFALT.COM<\/span><\/div>[\/vc_column][vc_column][vc_btn title=&#8221;Zum Kontaktformular&#8221; color=&#8221;orange&#8221; size=&#8221;lg&#8221; align=&#8221;center&#8221; css_animation=&#8221;fadeInUp&#8221; button_block=&#8221;true&#8221; link=&#8221;url:%2F%23kontakt|||&#8221;][\/vc_column][\/vc_row][vc_row full_width=&#8221;stretch_row&#8221; background_position=&#8221;center bottom&#8221; color_overlay=&#8221;true&#8221; css=&#8221;.vc_custom_1588952312655{margin-top: 200px !important;padding-top: 100px !important;padding-bottom: 100px !important;background-image: url(http:\/\/filmfalt.media\/wp-content\/uploads\/2020\/05\/pexels-photo-289701-woman-emotion-heart-love-lights-glow-night-happy.jpg?id=3018) !important;}&#8221; color_overlay_color=&#8221;rgba(0,0,0,0.5)&#8221; el_id=&#8221;u-zur-ubersicht&#8221;][vc_column]<div class=\"pt-special-heading pt-special-heading-5e5690b50c434  wpb_animate_when_almost_visible wpb_fadeInUp fadeInUp tac\"><div class=\"heading-container\"><h2 class=\"heading\">Noch nicht die passende Filmform gefunden?<\/h2><\/div><\/div>[vc_column_text css_animation=&#8221;fadeInUp&#8221; el_class=&#8221;schmaler-textblock&#8221;]<\/p>\n<p style=\"text-align: center;\">Schauen Sie sich auf unsere Webseite weiter um oder lassen Sie sich einfach von uns beraten. Wir finden sicher das passende Produkt f\u00fcr Ihr Projekt!<\/p>\n<p>[\/vc_column_text][vc_btn title=&#8221;Zur Produkt-\u00dcbersicht&#8221; color=&#8221;orange&#8221; size=&#8221;lg&#8221; align=&#8221;center&#8221; css_animation=&#8221;fadeInUp&#8221; link=&#8221;url:%2Fproduktuebersicht%2F|||&#8221;][\/vc_column][vc_column][\/vc_column][\/vc_row]<\/p>\n<\/div>","protected":false},"excerpt":{"rendered":"<p>[vc_row full_width=&#8221;stretch_row_content_no_spaces&#8221; full_height=&#8221;yes&#8221; content_placement=&#8221;middle&#8221; el_class=&#8221;unterseiten-header&#8221;][vc_column][vc_raw_html]JTVCdmlkZW9fc2hvcnRjb2RlJTBBdmlkZW8lM0QlMjIlMkZ3cC1jb250ZW50JTJGdGhlbWVzJTJGc2Fuc2FyYS1jaGlsZCUyRnZpZGVvcyUyRkRyb2huZW5hdWZuYWhtZS5tcDQlMjIlMEFwb3N0ZXIlM0QlMjJodHRwcyUzQSUyRiUyRmZpbG1mYWx0Lm1lZGlhJTJGd3AtY29udGVudCUyRnVwbG9hZHMlMkYyMDIxJTJGMDclMkZEcm9obmVuYXVmbmFobWUuanBnJTIyJTBBJTVE[\/vc_raw_html][vc_row_inner el_class=&#8221;position-absolute&#8221;][vc_column_inner][vc_btn title=&#8221;Drohnenaufnahmen anfragen!&#8221; color=&#8221;orange&#8221; align=&#8221;center&#8221; link=&#8221;url:%2F%23kontakt|||&#8221;][\/vc_column_inner][\/vc_row_inner][\/vc_column][\/vc_row][vc_row css=&#8221;.vc_custom_1584456751108{margin-top: 300px !important;margin-bottom: 300px !important;}&#8221; el_class=&#8221;sub-h-gr u-kurztext&#8221;][vc_column width=&#8221;1\/6&#8243;][\/vc_column][vc_column width=&#8221;2\/3&#8243;][vc_column_text css_animation=&#8221;fadeInUp&#8221;] Schon einmal daran gedacht Ihre Firmenhomepage, Ihre Brosch\u00fcre oder Ihren Imagefilm mit spektakul\u00e4ren Luftbildern und Videos zu versch\u00f6nern? Mit unserer Hightech Drohne bieten wir Ihnen ausdrucksstarke Luftaufnahmen! Ob hochaufl\u00f6sende Fotos oder Videoaufnahmen in brillanter [&hellip;]<\/p>\n","protected":false},"author":3,"featured_media":0,"parent":0,"menu_order":0,"comment_status":"closed","ping_status":"closed","template":"","meta":{"_acf_changed":false,"footnotes":""},"class_list":["post-5611","page","type-page","status-publish","hentry"],"acf":[],"yoast_head":"<!-- This site is optimized with the Yoast SEO plugin v24.7 - https:\/\/yoast.com\/wordpress\/plugins\/seo\/ -->\n<title>Drone footage in brilliant 4K quality - \u00d6sterreich FILMFALT MEDIA<\/title>\n<meta name=\"description\" content=\"Wir produzieren hochwertige Luftaufnahmen! Hochaufl\u00f6sende Fotos oder Drohnenvideos in 4K f\u00fcr Ihre Homepage. G\u00fcnstig, flexibel, \u00f6sterreichweit\" \/>\n<meta name=\"robots\" content=\"index, follow, max-snippet:-1, max-image-preview:large, max-video-preview:-1\" \/>\n<link rel=\"canonical\" href=\"https:\/\/filmfalt.media\/en\/drone-footage-in-brilliant-4k-quality\/\" \/>\n<meta property=\"og:locale\" content=\"en_US\" \/>\n<meta property=\"og:type\" content=\"article\" \/>\n<meta property=\"og:title\" content=\"Drone footage in brilliant 4K quality - \u00d6sterreich FILMFALT MEDIA\" \/>\n<meta property=\"og:description\" content=\"Wir produzieren hochwertige Luftaufnahmen! Hochaufl\u00f6sende Fotos oder Drohnenvideos in 4K f\u00fcr Ihre Homepage. G\u00fcnstig, flexibel, \u00f6sterreichweit\" \/>\n<meta property=\"og:url\" content=\"https:\/\/filmfalt.media\/en\/drone-footage-in-brilliant-4k-quality\/\" \/>\n<meta property=\"og:site_name\" content=\"FILMFALT MEDIA\" \/>\n<meta property=\"article:modified_time\" content=\"2023-01-27T09:11:07+00:00\" \/>\n<meta name=\"twitter:card\" content=\"summary_large_image\" \/>\n<meta name=\"twitter:label1\" content=\"Est. reading time\" \/>\n\t<meta name=\"twitter:data1\" content=\"4 minutes\" \/>\n<script type=\"application\/ld+json\" class=\"yoast-schema-graph\">{\"@context\":\"https:\/\/schema.org\",\"@graph\":[{\"@type\":\"WebPage\",\"@id\":\"https:\/\/filmfalt.media\/en\/drone-footage-in-brilliant-4k-quality\/\",\"url\":\"https:\/\/filmfalt.media\/en\/drone-footage-in-brilliant-4k-quality\/\",\"name\":\"Drone footage in brilliant 4K quality - \u00d6sterreich FILMFALT MEDIA\",\"isPartOf\":{\"@id\":\"https:\/\/filmfalt.media\/#website\"},\"datePublished\":\"2021-02-23T16:33:06+00:00\",\"dateModified\":\"2023-01-27T09:11:07+00:00\",\"description\":\"Wir produzieren hochwertige Luftaufnahmen! Hochaufl\u00f6sende Fotos oder Drohnenvideos in 4K f\u00fcr Ihre Homepage. G\u00fcnstig, flexibel, \u00f6sterreichweit\",\"breadcrumb\":{\"@id\":\"https:\/\/filmfalt.media\/en\/drone-footage-in-brilliant-4k-quality\/#breadcrumb\"},\"inLanguage\":\"en-US\",\"potentialAction\":[{\"@type\":\"ReadAction\",\"target\":[\"https:\/\/filmfalt.media\/en\/drone-footage-in-brilliant-4k-quality\/\"]}]},{\"@type\":\"BreadcrumbList\",\"@id\":\"https:\/\/filmfalt.media\/en\/drone-footage-in-brilliant-4k-quality\/#breadcrumb\",\"itemListElement\":[{\"@type\":\"ListItem\",\"position\":1,\"name\":\"Home\",\"item\":\"https:\/\/filmfalt.media\/en\/\"},{\"@type\":\"ListItem\",\"position\":2,\"name\":\"Drone footage in brilliant 4K quality\"}]},{\"@type\":\"WebSite\",\"@id\":\"https:\/\/filmfalt.media\/#website\",\"url\":\"https:\/\/filmfalt.media\/\",\"name\":\"FILMFALT MEDIA\",\"description\":\"Das Kreativkollektiv aus Wien. Wir produzieren hochwertige Imagefilme, Werbefilme, TV-Dokumentationen, Eventfilme und Social-Media-Videos. Sagen Sie es mit einem Film! FILMFALT Media.\",\"potentialAction\":[{\"@type\":\"SearchAction\",\"target\":{\"@type\":\"EntryPoint\",\"urlTemplate\":\"https:\/\/filmfalt.media\/?s={search_term_string}\"},\"query-input\":{\"@type\":\"PropertyValueSpecification\",\"valueRequired\":true,\"valueName\":\"search_term_string\"}}],\"inLanguage\":\"en-US\"}]}<\/script>\n<!-- \/ Yoast SEO plugin. -->","yoast_head_json":{"title":"Drone footage in brilliant 4K quality - \u00d6sterreich FILMFALT MEDIA","description":"Wir produzieren hochwertige Luftaufnahmen! Hochaufl\u00f6sende Fotos oder Drohnenvideos in 4K f\u00fcr Ihre Homepage. G\u00fcnstig, flexibel, \u00f6sterreichweit","robots":{"index":"index","follow":"follow","max-snippet":"max-snippet:-1","max-image-preview":"max-image-preview:large","max-video-preview":"max-video-preview:-1"},"canonical":"https:\/\/filmfalt.media\/en\/drone-footage-in-brilliant-4k-quality\/","og_locale":"en_US","og_type":"article","og_title":"Drone footage in brilliant 4K quality - \u00d6sterreich FILMFALT MEDIA","og_description":"Wir produzieren hochwertige Luftaufnahmen! Hochaufl\u00f6sende Fotos oder Drohnenvideos in 4K f\u00fcr Ihre Homepage. G\u00fcnstig, flexibel, \u00f6sterreichweit","og_url":"https:\/\/filmfalt.media\/en\/drone-footage-in-brilliant-4k-quality\/","og_site_name":"FILMFALT MEDIA","article_modified_time":"2023-01-27T09:11:07+00:00","twitter_card":"summary_large_image","twitter_misc":{"Est. reading time":"4 minutes"},"schema":{"@context":"https:\/\/schema.org","@graph":[{"@type":"WebPage","@id":"https:\/\/filmfalt.media\/en\/drone-footage-in-brilliant-4k-quality\/","url":"https:\/\/filmfalt.media\/en\/drone-footage-in-brilliant-4k-quality\/","name":"Drone footage in brilliant 4K quality - \u00d6sterreich FILMFALT MEDIA","isPartOf":{"@id":"https:\/\/filmfalt.media\/#website"},"datePublished":"2021-02-23T16:33:06+00:00","dateModified":"2023-01-27T09:11:07+00:00","description":"Wir produzieren hochwertige Luftaufnahmen! Hochaufl\u00f6sende Fotos oder Drohnenvideos in 4K f\u00fcr Ihre Homepage. G\u00fcnstig, flexibel, \u00f6sterreichweit","breadcrumb":{"@id":"https:\/\/filmfalt.media\/en\/drone-footage-in-brilliant-4k-quality\/#breadcrumb"},"inLanguage":"en-US","potentialAction":[{"@type":"ReadAction","target":["https:\/\/filmfalt.media\/en\/drone-footage-in-brilliant-4k-quality\/"]}]},{"@type":"BreadcrumbList","@id":"https:\/\/filmfalt.media\/en\/drone-footage-in-brilliant-4k-quality\/#breadcrumb","itemListElement":[{"@type":"ListItem","position":1,"name":"Home","item":"https:\/\/filmfalt.media\/en\/"},{"@type":"ListItem","position":2,"name":"Drone footage in brilliant 4K quality"}]},{"@type":"WebSite","@id":"https:\/\/filmfalt.media\/#website","url":"https:\/\/filmfalt.media\/","name":"FILMFALT MEDIA","description":"Das Kreativkollektiv aus Wien. Wir produzieren hochwertige Imagefilme, Werbefilme, TV-Dokumentationen, Eventfilme und Social-Media-Videos. Sagen Sie es mit einem Film! FILMFALT Media.","potentialAction":[{"@type":"SearchAction","target":{"@type":"EntryPoint","urlTemplate":"https:\/\/filmfalt.media\/?s={search_term_string}"},"query-input":{"@type":"PropertyValueSpecification","valueRequired":true,"valueName":"search_term_string"}}],"inLanguage":"en-US"}]}},"_links":{"self":[{"href":"https:\/\/filmfalt.media\/en\/wp-json\/wp\/v2\/pages\/5611","targetHints":{"allow":["GET"]}}],"collection":[{"href":"https:\/\/filmfalt.media\/en\/wp-json\/wp\/v2\/pages"}],"about":[{"href":"https:\/\/filmfalt.media\/en\/wp-json\/wp\/v2\/types\/page"}],"author":[{"embeddable":true,"href":"https:\/\/filmfalt.media\/en\/wp-json\/wp\/v2\/users\/3"}],"replies":[{"embeddable":true,"href":"https:\/\/filmfalt.media\/en\/wp-json\/wp\/v2\/comments?post=5611"}],"version-history":[{"count":14,"href":"https:\/\/filmfalt.media\/en\/wp-json\/wp\/v2\/pages\/5611\/revisions"}],"predecessor-version":[{"id":5626,"href":"https:\/\/filmfalt.media\/en\/wp-json\/wp\/v2\/pages\/5611\/revisions\/5626"}],"wp:attachment":[{"href":"https:\/\/filmfalt.media\/en\/wp-json\/wp\/v2\/media?parent=5611"}],"curies":[{"name":"wp","href":"https:\/\/api.w.org\/{rel}","templated":true}]}}