{"id":3720,"date":"2020-08-11T16:54:43","date_gmt":"2020-08-11T14:54:43","guid":{"rendered":"https:\/\/filmfalt.media\/?page_id=3720"},"modified":"2020-08-11T16:54:57","modified_gmt":"2020-08-11T14:54:57","slug":"maximilian-hodl","status":"publish","type":"page","link":"https:\/\/filmfalt.media\/en\/maximilian-hodl\/","title":{"rendered":"Maximilian H\u00f6dl"},"content":{"rendered":"<div class=\"wpb-content-wrapper\"><p>[vc_row full_width=&#8221;stretch_row&#8221; full_height=&#8221;yes&#8221; background_position=&#8221;center center&#8221; css=&#8221;.vc_custom_1588941722009{padding-top: 30px !important;padding-bottom: 30px !important;background-image: url(http:\/\/filmfalt.media\/wp-content\/uploads\/2020\/03\/max.jpg?id=1662) !important;background-position: center !important;background-repeat: no-repeat !important;background-size: cover !important;}&#8221; el_class=&#8221;team-seite&#8221;][vc_column offset=&#8221;vc_col-lg-7 vc_col-md-10&#8243;][vc_row_inner][vc_column_inner]<div class=\"pt-special-heading pt-special-heading-5e284eb1211c3  wpb_animate_when_almost_visible wpb_fadeInLeft fadeInLeft tal\"><div class=\"heading-container\"><h6 class=\"sub-heading\">Kreativit\u00e4t ist Intelligenz, die Spa\u00df hat!<\/h6><h2 class=\"heading\">Maximilian H\u00f6dl<\/h2><\/div><\/div>[vc_column_text el_class=&#8221;block-satz&#8221;]Filmemacher, Technikgenie und Vollblut-Fotograf. Dipl.-Ing. (FH) Maximilian H\u00f6dl hat sein Handwerk an der FH Salzburg gelernt und ist seit Jahren erfolgreicher Redakteur, Kameramann und Editor. Ob an Land, auf See oder in der Luft: der geb\u00fcrtige Nieder\u00f6sterreicher ist immer auf der Suche nach au\u00dfergew\u00f6hnlichen Bildern und einer spannenden Story. Mit seiner Kinokamera, die 300 Bilder die Sekunde macht, l\u00e4sst er die Zeit still stehen und sein Fotoapparat begleitet ihn durch alle 7 Weltmeere.<\/p>\n<p>Der leidenschaftliche Cineast ist Lektor an der Fachhochschule Wien und fr\u00f6nt in seiner Freizeit dem gepflegten Rock&#8217;n&#8217;Roll.[\/vc_column_text][\/vc_column_inner][vc_column_inner offset=&#8221;vc_col-md-6&#8243;]<div class=\"icon-box-in-row icon-box-in-row-5e2849ad76b56 \"><div class=\"icon beautiful-camera-old-film-roll\"><\/div><div class=\"count\">3500<\/div><div class=\"heading\"><div class=\"cell\">Filmproduktionen<br \/>\nabgeschlossen<\/div><\/div><\/div>[\/vc_column_inner][vc_column_inner offset=&#8221;vc_col-md-6&#8243;]<div class=\"icon-box-in-row icon-box-in-row-5e284a02e5f0a \"><div class=\"icon beautiful-camera-camera-flash-1\"><\/div><div class=\"count\">6<\/div><div class=\"heading\"><div class=\"cell\">Kameras zerst\u00f6rt<\/div><\/div><\/div>[\/vc_column_inner][vc_column_inner offset=&#8221;vc_col-md-6&#8243;]<div class=\"icon-box-in-row icon-box-in-row-5e284a535666b \"><div class=\"icon music-and-multimedia-linear-electric-guitar\"><\/div><div class=\"count\">1<\/div><div class=\"heading\"><div class=\"cell\">Musikband<\/div><\/div><\/div>[\/vc_column_inner][vc_column_inner offset=&#8221;vc_col-md-6&#8243;]<div class=\"icon-box-in-row icon-box-in-row-5e284a95b3699 \"><div class=\"icon beautiful-camera-polaroid-pictures\"><\/div><div class=\"count\">80000<\/div><div class=\"heading\"><div class=\"cell\">Stunden Material<br \/>\ngesichtet<\/div><\/div><\/div>[\/vc_column_inner][vc_column_inner css=&#8221;.vc_custom_1528805558428{padding-top: 25px !important;}&#8221;][\/vc_column_inner][\/vc_row_inner][\/vc_column][\/vc_row]<\/p>\n<\/div>","protected":false},"excerpt":{"rendered":"<p>[vc_row full_width=&#8221;stretch_row&#8221; full_height=&#8221;yes&#8221; background_position=&#8221;center center&#8221; css=&#8221;.vc_custom_1588941722009{padding-top: 30px !important;padding-bottom: 30px !important;background-image: url(http:\/\/filmfalt.media\/wp-content\/uploads\/2020\/03\/max.jpg?id=1662) !important;background-position: center !important;background-repeat: no-repeat !important;background-size: cover !important;}&#8221; el_class=&#8221;team-seite&#8221;][vc_column offset=&#8221;vc_col-lg-7 vc_col-md-10&#8243;][vc_row_inner][vc_column_inner][vc_column_text el_class=&#8221;block-satz&#8221;]Filmemacher, Technikgenie und Vollblut-Fotograf. Dipl.-Ing. (FH) Maximilian H\u00f6dl hat sein Handwerk an der FH Salzburg gelernt und ist seit Jahren erfolgreicher Redakteur, Kameramann und Editor. Ob an Land, auf See oder in der Luft: [&hellip;]<\/p>\n","protected":false},"author":2,"featured_media":0,"parent":0,"menu_order":0,"comment_status":"closed","ping_status":"closed","template":"template-landing.php","meta":{"_acf_changed":false,"footnotes":""},"class_list":["post-3720","page","type-page","status-publish","hentry"],"acf":[],"yoast_head":"<!-- This site is optimized with the Yoast SEO plugin v24.7 - https:\/\/yoast.com\/wordpress\/plugins\/seo\/ -->\n<title>Maximilian H\u00f6dl - FILMFALT MEDIA<\/title>\n<meta name=\"robots\" content=\"index, follow, max-snippet:-1, max-image-preview:large, max-video-preview:-1\" \/>\n<link rel=\"canonical\" href=\"https:\/\/filmfalt.media\/en\/all\/maximilian-hodl\/\" \/>\n<meta property=\"og:locale\" content=\"en_US\" \/>\n<meta property=\"og:type\" content=\"article\" \/>\n<meta property=\"og:title\" content=\"Maximilian H\u00f6dl - FILMFALT MEDIA\" \/>\n<meta property=\"og:description\" content=\"[vc_row full_width=&#8221;stretch_row&#8221; full_height=&#8221;yes&#8221; background_position=&#8221;center center&#8221; css=&#8221;.vc_custom_1588941722009{padding-top: 30px !important;padding-bottom: 30px !important;background-image: url(http:\/\/filmfalt.media\/wp-content\/uploads\/2020\/03\/max.jpg?id=1662) !important;background-position: center !important;background-repeat: no-repeat !important;background-size: cover !important;}&#8221; el_class=&#8221;team-seite&#8221;][vc_column offset=&#8221;vc_col-lg-7 vc_col-md-10&#8243;][vc_row_inner][vc_column_inner][vc_column_text el_class=&#8221;block-satz&#8221;]Filmemacher, Technikgenie und Vollblut-Fotograf. Dipl.-Ing. (FH) Maximilian H\u00f6dl hat sein Handwerk an der FH Salzburg gelernt und ist seit Jahren erfolgreicher Redakteur, Kameramann und Editor. Ob an Land, auf See oder in der Luft: [&hellip;]\" \/>\n<meta property=\"og:url\" content=\"https:\/\/filmfalt.media\/en\/all\/maximilian-hodl\/\" \/>\n<meta property=\"og:site_name\" content=\"FILMFALT MEDIA\" \/>\n<meta property=\"article:modified_time\" content=\"2020-08-11T14:54:57+00:00\" \/>\n<meta name=\"twitter:card\" content=\"summary_large_image\" \/>\n<meta name=\"twitter:label1\" content=\"Est. reading time\" \/>\n\t<meta name=\"twitter:data1\" content=\"2 minutes\" \/>\n<script type=\"application\/ld+json\" class=\"yoast-schema-graph\">{\"@context\":\"https:\/\/schema.org\",\"@graph\":[{\"@type\":\"WebPage\",\"@id\":\"https:\/\/filmfalt.media\/en\/all\/maximilian-hodl\/\",\"url\":\"https:\/\/filmfalt.media\/en\/all\/maximilian-hodl\/\",\"name\":\"Maximilian H\u00f6dl - FILMFALT MEDIA\",\"isPartOf\":{\"@id\":\"https:\/\/filmfalt.media\/#website\"},\"datePublished\":\"2020-08-11T14:54:43+00:00\",\"dateModified\":\"2020-08-11T14:54:57+00:00\",\"breadcrumb\":{\"@id\":\"https:\/\/filmfalt.media\/en\/all\/maximilian-hodl\/#breadcrumb\"},\"inLanguage\":\"en-US\",\"potentialAction\":[{\"@type\":\"ReadAction\",\"target\":[\"https:\/\/filmfalt.media\/en\/all\/maximilian-hodl\/\"]}]},{\"@type\":\"BreadcrumbList\",\"@id\":\"https:\/\/filmfalt.media\/en\/all\/maximilian-hodl\/#breadcrumb\",\"itemListElement\":[{\"@type\":\"ListItem\",\"position\":1,\"name\":\"Home\",\"item\":\"https:\/\/filmfalt.media\/en\/\"},{\"@type\":\"ListItem\",\"position\":2,\"name\":\"Maximilian H\u00f6dl\"}]},{\"@type\":\"WebSite\",\"@id\":\"https:\/\/filmfalt.media\/#website\",\"url\":\"https:\/\/filmfalt.media\/\",\"name\":\"FILMFALT MEDIA\",\"description\":\"Das Kreativkollektiv aus Wien. Wir produzieren hochwertige Imagefilme, Werbefilme, TV-Dokumentationen, Eventfilme und Social-Media-Videos. Sagen Sie es mit einem Film! FILMFALT Media.\",\"potentialAction\":[{\"@type\":\"SearchAction\",\"target\":{\"@type\":\"EntryPoint\",\"urlTemplate\":\"https:\/\/filmfalt.media\/?s={search_term_string}\"},\"query-input\":{\"@type\":\"PropertyValueSpecification\",\"valueRequired\":true,\"valueName\":\"search_term_string\"}}],\"inLanguage\":\"en-US\"}]}<\/script>\n<!-- \/ Yoast SEO plugin. -->","yoast_head_json":{"title":"Maximilian H\u00f6dl - FILMFALT MEDIA","robots":{"index":"index","follow":"follow","max-snippet":"max-snippet:-1","max-image-preview":"max-image-preview:large","max-video-preview":"max-video-preview:-1"},"canonical":"https:\/\/filmfalt.media\/en\/all\/maximilian-hodl\/","og_locale":"en_US","og_type":"article","og_title":"Maximilian H\u00f6dl - FILMFALT MEDIA","og_description":"[vc_row full_width=&#8221;stretch_row&#8221; full_height=&#8221;yes&#8221; background_position=&#8221;center center&#8221; css=&#8221;.vc_custom_1588941722009{padding-top: 30px !important;padding-bottom: 30px !important;background-image: url(http:\/\/filmfalt.media\/wp-content\/uploads\/2020\/03\/max.jpg?id=1662) !important;background-position: center !important;background-repeat: no-repeat !important;background-size: cover !important;}&#8221; el_class=&#8221;team-seite&#8221;][vc_column offset=&#8221;vc_col-lg-7 vc_col-md-10&#8243;][vc_row_inner][vc_column_inner][vc_column_text el_class=&#8221;block-satz&#8221;]Filmemacher, Technikgenie und Vollblut-Fotograf. Dipl.-Ing. (FH) Maximilian H\u00f6dl hat sein Handwerk an der FH Salzburg gelernt und ist seit Jahren erfolgreicher Redakteur, Kameramann und Editor. Ob an Land, auf See oder in der Luft: [&hellip;]","og_url":"https:\/\/filmfalt.media\/en\/all\/maximilian-hodl\/","og_site_name":"FILMFALT MEDIA","article_modified_time":"2020-08-11T14:54:57+00:00","twitter_card":"summary_large_image","twitter_misc":{"Est. reading time":"2 minutes"},"schema":{"@context":"https:\/\/schema.org","@graph":[{"@type":"WebPage","@id":"https:\/\/filmfalt.media\/en\/all\/maximilian-hodl\/","url":"https:\/\/filmfalt.media\/en\/all\/maximilian-hodl\/","name":"Maximilian H\u00f6dl - FILMFALT MEDIA","isPartOf":{"@id":"https:\/\/filmfalt.media\/#website"},"datePublished":"2020-08-11T14:54:43+00:00","dateModified":"2020-08-11T14:54:57+00:00","breadcrumb":{"@id":"https:\/\/filmfalt.media\/en\/all\/maximilian-hodl\/#breadcrumb"},"inLanguage":"en-US","potentialAction":[{"@type":"ReadAction","target":["https:\/\/filmfalt.media\/en\/all\/maximilian-hodl\/"]}]},{"@type":"BreadcrumbList","@id":"https:\/\/filmfalt.media\/en\/all\/maximilian-hodl\/#breadcrumb","itemListElement":[{"@type":"ListItem","position":1,"name":"Home","item":"https:\/\/filmfalt.media\/en\/"},{"@type":"ListItem","position":2,"name":"Maximilian H\u00f6dl"}]},{"@type":"WebSite","@id":"https:\/\/filmfalt.media\/#website","url":"https:\/\/filmfalt.media\/","name":"FILMFALT MEDIA","description":"Das Kreativkollektiv aus Wien. Wir produzieren hochwertige Imagefilme, Werbefilme, TV-Dokumentationen, Eventfilme und Social-Media-Videos. Sagen Sie es mit einem Film! FILMFALT Media.","potentialAction":[{"@type":"SearchAction","target":{"@type":"EntryPoint","urlTemplate":"https:\/\/filmfalt.media\/?s={search_term_string}"},"query-input":{"@type":"PropertyValueSpecification","valueRequired":true,"valueName":"search_term_string"}}],"inLanguage":"en-US"}]}},"_links":{"self":[{"href":"https:\/\/filmfalt.media\/en\/wp-json\/wp\/v2\/pages\/3720","targetHints":{"allow":["GET"]}}],"collection":[{"href":"https:\/\/filmfalt.media\/en\/wp-json\/wp\/v2\/pages"}],"about":[{"href":"https:\/\/filmfalt.media\/en\/wp-json\/wp\/v2\/types\/page"}],"author":[{"embeddable":true,"href":"https:\/\/filmfalt.media\/en\/wp-json\/wp\/v2\/users\/2"}],"replies":[{"embeddable":true,"href":"https:\/\/filmfalt.media\/en\/wp-json\/wp\/v2\/comments?post=3720"}],"version-history":[{"count":1,"href":"https:\/\/filmfalt.media\/en\/wp-json\/wp\/v2\/pages\/3720\/revisions"}],"predecessor-version":[{"id":3721,"href":"https:\/\/filmfalt.media\/en\/wp-json\/wp\/v2\/pages\/3720\/revisions\/3721"}],"wp:attachment":[{"href":"https:\/\/filmfalt.media\/en\/wp-json\/wp\/v2\/media?parent=3720"}],"curies":[{"name":"wp","href":"https:\/\/api.w.org\/{rel}","templated":true}]}}