{"id":3716,"date":"2020-08-11T16:51:26","date_gmt":"2020-08-11T14:51:26","guid":{"rendered":"https:\/\/filmfalt.media\/?page_id=3716"},"modified":"2021-04-20T11:46:43","modified_gmt":"2021-04-20T09:46:43","slug":"chris-wisser-filmmaker-photographer-editor-dronepilot","status":"publish","type":"page","link":"https:\/\/filmfalt.media\/en\/chris-wisser-filmmaker-photographer-editor-dronepilot\/","title":{"rendered":"Christoph Wisser"},"content":{"rendered":"<div class=\"wpb-content-wrapper\"><p>[vc_row full_width=&#8221;stretch_row&#8221; full_height=&#8221;yes&#8221; background_position=&#8221;center center&#8221; css=&#8221;.vc_custom_1588941530428{padding-top: 30px !important;padding-bottom: 30px !important;background-image: url(http:\/\/filmfalt.media\/wp-content\/uploads\/2020\/03\/\u00a9KhFessl_hg.jpg?id=1658) !important;background-position: center !important;background-repeat: no-repeat !important;background-size: cover !important;}&#8221; el_class=&#8221;team-seite&#8221;][vc_column offset=&#8221;vc_col-lg-7 vc_col-md-10&#8243;][vc_row_inner][vc_column_inner]<div class=\"pt-special-heading pt-special-heading-5e284eb1211c3  wpb_animate_when_almost_visible wpb_fadeInLeft fadeInLeft tal\"><div class=\"heading-container\"><h6 class=\"sub-heading\">Never give up!<\/h6><h2 class=\"heading\">Christoph Wisser<\/h2><\/div><\/div>[vc_column_text el_class=&#8221;block-satz&#8221;]<\/p>\n<div>Filmemacher, Editor, Drohnenpilot und Berufsfotograf aus Leidenschaft. Die Liebe zum \u201eeingefangenen\u201c Bild zieht sich wie ein roter Faden durch sein Leben und mit \u00fcber 14 Jahren Erfahrung als Kameramann und Fotograf darf er von Fernsehen bis Film bereits alles zu seinem Portfolio z\u00e4hlen. Dass Christoph vor keiner Challenge zur\u00fcckschreckt, hat er als Kameramann und Fotograf bei Michael Strasser&#8217;s Abenteuer &#8220;Cairo2Cape&#8221; (11,500 KM mit dem Rad von Cairo nach Kapstadt), beim &#8220;Ice2Ice&#8221; (23.000 KM mit dem Rad von Alaska nach Argentinien), sowie beim ber\u00fchmt ber\u00fcchtigten &#8220;Race across America&#8221; (5000 KM mit dem Rad von der amerikanischen Ost- zur Westk\u00fcste) unter Beweis gestellt.<\/div>\n<p>[\/vc_column_text][\/vc_column_inner][vc_column_inner offset=&#8221;vc_col-md-6&#8243;]<div class=\"icon-box-in-row icon-box-in-row-5e2849ad76b56 \"><div class=\"icon beautiful-camera-big-telephoto-lens\"><\/div><div class=\"count\">54<\/div><div class=\"heading\"><div class=\"cell\">Kilogram<br \/>\nEquipment<\/div><\/div><\/div>[\/vc_column_inner][vc_column_inner offset=&#8221;vc_col-md-6&#8243;]<div class=\"icon-box-in-row icon-box-in-row-5e284a02e5f0a \"><div class=\"icon music-and-multimedia-linear-vdeo-cmera\"><\/div><div class=\"count\">5<\/div><div class=\"heading\"><div class=\"cell\">Filmkameras<\/div><\/div><\/div>[\/vc_column_inner][vc_column_inner offset=&#8221;vc_col-md-6&#8243;]<div class=\"icon-box-in-row icon-box-in-row-5e284a535666b \"><div class=\"icon beautiful-camera-camera-focus\"><\/div><div class=\"count\">2<\/div><div class=\"heading\"><div class=\"cell\">Kameradrohnen<\/div><\/div><\/div>[\/vc_column_inner][vc_column_inner offset=&#8221;vc_col-md-6&#8243;]<div class=\"icon-box-in-row icon-box-in-row-5e284a95b3699 \"><div class=\"icon beautiful-camera-polaroid-pictures\"><\/div><div class=\"count\">89340<\/div><div class=\"heading\"><div class=\"cell\">Fotos<br \/>\ngeschossen<\/div><\/div><\/div>[\/vc_column_inner][vc_column_inner css=&#8221;.vc_custom_1528805558428{padding-top: 25px !important;}&#8221;][\/vc_column_inner][\/vc_row_inner][\/vc_column][\/vc_row]<\/p>\n<\/div>","protected":false},"excerpt":{"rendered":"<p>[vc_row full_width=&#8221;stretch_row&#8221; full_height=&#8221;yes&#8221; background_position=&#8221;center center&#8221; css=&#8221;.vc_custom_1588941530428{padding-top: 30px !important;padding-bottom: 30px !important;background-image: url(http:\/\/filmfalt.media\/wp-content\/uploads\/2020\/03\/\u00a9KhFessl_hg.jpg?id=1658) !important;background-position: center !important;background-repeat: no-repeat !important;background-size: cover !important;}&#8221; el_class=&#8221;team-seite&#8221;][vc_column offset=&#8221;vc_col-lg-7 vc_col-md-10&#8243;][vc_row_inner][vc_column_inner][vc_column_text el_class=&#8221;block-satz&#8221;] Filmemacher, Editor, Drohnenpilot und Berufsfotograf aus Leidenschaft. Die Liebe zum \u201eeingefangenen\u201c Bild zieht sich wie ein roter Faden durch sein Leben und mit \u00fcber 14 Jahren Erfahrung als Kameramann und Fotograf darf er [&hellip;]<\/p>\n","protected":false},"author":2,"featured_media":0,"parent":0,"menu_order":0,"comment_status":"closed","ping_status":"closed","template":"template-landing.php","meta":{"_acf_changed":false,"footnotes":""},"class_list":["post-3716","page","type-page","status-publish","hentry"],"acf":[],"yoast_head":"<!-- This site is optimized with the Yoast SEO plugin v24.7 - https:\/\/yoast.com\/wordpress\/plugins\/seo\/ -->\n<title>Christoph Wisser - filmmaker, camera operator, photographer &amp; drone pilot<\/title>\n<meta name=\"description\" content=\"Chris Wisser is an Austrian filmmaker, camera operator, drone pilot and photographer. He filmed the Cairo2Cape, Ice2Ice, Race across America.\" \/>\n<meta name=\"robots\" content=\"index, follow, max-snippet:-1, max-image-preview:large, max-video-preview:-1\" \/>\n<link rel=\"canonical\" href=\"https:\/\/filmfalt.media\/en\/all\/chris-wisser-filmmaker-photographer-editor-dronepilot\/\" \/>\n<meta property=\"og:locale\" content=\"en_US\" \/>\n<meta property=\"og:type\" content=\"article\" \/>\n<meta property=\"og:title\" content=\"Christoph Wisser - filmmaker, camera operator, photographer &amp; drone pilot\" \/>\n<meta property=\"og:description\" content=\"Chris Wisser is an Austrian filmmaker, camera operator, drone pilot and photographer. He filmed the Cairo2Cape, Ice2Ice, Race across America.\" \/>\n<meta property=\"og:url\" content=\"https:\/\/filmfalt.media\/en\/all\/chris-wisser-filmmaker-photographer-editor-dronepilot\/\" \/>\n<meta property=\"og:site_name\" content=\"FILMFALT MEDIA\" \/>\n<meta property=\"article:modified_time\" content=\"2021-04-20T09:46:43+00:00\" \/>\n<meta name=\"twitter:card\" content=\"summary_large_image\" \/>\n<meta name=\"twitter:label1\" content=\"Est. reading time\" \/>\n\t<meta name=\"twitter:data1\" content=\"2 minutes\" \/>\n<script type=\"application\/ld+json\" class=\"yoast-schema-graph\">{\"@context\":\"https:\/\/schema.org\",\"@graph\":[{\"@type\":\"WebPage\",\"@id\":\"https:\/\/filmfalt.media\/en\/all\/chris-wisser-filmmaker-photographer-editor-dronepilot\/\",\"url\":\"https:\/\/filmfalt.media\/en\/all\/chris-wisser-filmmaker-photographer-editor-dronepilot\/\",\"name\":\"Christoph Wisser - filmmaker, camera operator, photographer & drone pilot\",\"isPartOf\":{\"@id\":\"https:\/\/filmfalt.media\/#website\"},\"datePublished\":\"2020-08-11T14:51:26+00:00\",\"dateModified\":\"2021-04-20T09:46:43+00:00\",\"description\":\"Chris Wisser is an Austrian filmmaker, camera operator, drone pilot and photographer. He filmed the Cairo2Cape, Ice2Ice, Race across America.\",\"breadcrumb\":{\"@id\":\"https:\/\/filmfalt.media\/en\/all\/chris-wisser-filmmaker-photographer-editor-dronepilot\/#breadcrumb\"},\"inLanguage\":\"en-US\",\"potentialAction\":[{\"@type\":\"ReadAction\",\"target\":[\"https:\/\/filmfalt.media\/en\/all\/chris-wisser-filmmaker-photographer-editor-dronepilot\/\"]}]},{\"@type\":\"BreadcrumbList\",\"@id\":\"https:\/\/filmfalt.media\/en\/all\/chris-wisser-filmmaker-photographer-editor-dronepilot\/#breadcrumb\",\"itemListElement\":[{\"@type\":\"ListItem\",\"position\":1,\"name\":\"Home\",\"item\":\"https:\/\/filmfalt.media\/en\/\"},{\"@type\":\"ListItem\",\"position\":2,\"name\":\"Christoph Wisser\"}]},{\"@type\":\"WebSite\",\"@id\":\"https:\/\/filmfalt.media\/#website\",\"url\":\"https:\/\/filmfalt.media\/\",\"name\":\"FILMFALT MEDIA\",\"description\":\"Das Kreativkollektiv aus Wien. Wir produzieren hochwertige Imagefilme, Werbefilme, TV-Dokumentationen, Eventfilme und Social-Media-Videos. Sagen Sie es mit einem Film! FILMFALT Media.\",\"potentialAction\":[{\"@type\":\"SearchAction\",\"target\":{\"@type\":\"EntryPoint\",\"urlTemplate\":\"https:\/\/filmfalt.media\/?s={search_term_string}\"},\"query-input\":{\"@type\":\"PropertyValueSpecification\",\"valueRequired\":true,\"valueName\":\"search_term_string\"}}],\"inLanguage\":\"en-US\"}]}<\/script>\n<!-- \/ Yoast SEO plugin. -->","yoast_head_json":{"title":"Christoph Wisser - filmmaker, camera operator, photographer & drone pilot","description":"Chris Wisser is an Austrian filmmaker, camera operator, drone pilot and photographer. He filmed the Cairo2Cape, Ice2Ice, Race across America.","robots":{"index":"index","follow":"follow","max-snippet":"max-snippet:-1","max-image-preview":"max-image-preview:large","max-video-preview":"max-video-preview:-1"},"canonical":"https:\/\/filmfalt.media\/en\/all\/chris-wisser-filmmaker-photographer-editor-dronepilot\/","og_locale":"en_US","og_type":"article","og_title":"Christoph Wisser - filmmaker, camera operator, photographer & drone pilot","og_description":"Chris Wisser is an Austrian filmmaker, camera operator, drone pilot and photographer. He filmed the Cairo2Cape, Ice2Ice, Race across America.","og_url":"https:\/\/filmfalt.media\/en\/all\/chris-wisser-filmmaker-photographer-editor-dronepilot\/","og_site_name":"FILMFALT MEDIA","article_modified_time":"2021-04-20T09:46:43+00:00","twitter_card":"summary_large_image","twitter_misc":{"Est. reading time":"2 minutes"},"schema":{"@context":"https:\/\/schema.org","@graph":[{"@type":"WebPage","@id":"https:\/\/filmfalt.media\/en\/all\/chris-wisser-filmmaker-photographer-editor-dronepilot\/","url":"https:\/\/filmfalt.media\/en\/all\/chris-wisser-filmmaker-photographer-editor-dronepilot\/","name":"Christoph Wisser - filmmaker, camera operator, photographer & drone pilot","isPartOf":{"@id":"https:\/\/filmfalt.media\/#website"},"datePublished":"2020-08-11T14:51:26+00:00","dateModified":"2021-04-20T09:46:43+00:00","description":"Chris Wisser is an Austrian filmmaker, camera operator, drone pilot and photographer. He filmed the Cairo2Cape, Ice2Ice, Race across America.","breadcrumb":{"@id":"https:\/\/filmfalt.media\/en\/all\/chris-wisser-filmmaker-photographer-editor-dronepilot\/#breadcrumb"},"inLanguage":"en-US","potentialAction":[{"@type":"ReadAction","target":["https:\/\/filmfalt.media\/en\/all\/chris-wisser-filmmaker-photographer-editor-dronepilot\/"]}]},{"@type":"BreadcrumbList","@id":"https:\/\/filmfalt.media\/en\/all\/chris-wisser-filmmaker-photographer-editor-dronepilot\/#breadcrumb","itemListElement":[{"@type":"ListItem","position":1,"name":"Home","item":"https:\/\/filmfalt.media\/en\/"},{"@type":"ListItem","position":2,"name":"Christoph Wisser"}]},{"@type":"WebSite","@id":"https:\/\/filmfalt.media\/#website","url":"https:\/\/filmfalt.media\/","name":"FILMFALT MEDIA","description":"Das Kreativkollektiv aus Wien. Wir produzieren hochwertige Imagefilme, Werbefilme, TV-Dokumentationen, Eventfilme und Social-Media-Videos. Sagen Sie es mit einem Film! FILMFALT Media.","potentialAction":[{"@type":"SearchAction","target":{"@type":"EntryPoint","urlTemplate":"https:\/\/filmfalt.media\/?s={search_term_string}"},"query-input":{"@type":"PropertyValueSpecification","valueRequired":true,"valueName":"search_term_string"}}],"inLanguage":"en-US"}]}},"_links":{"self":[{"href":"https:\/\/filmfalt.media\/en\/wp-json\/wp\/v2\/pages\/3716","targetHints":{"allow":["GET"]}}],"collection":[{"href":"https:\/\/filmfalt.media\/en\/wp-json\/wp\/v2\/pages"}],"about":[{"href":"https:\/\/filmfalt.media\/en\/wp-json\/wp\/v2\/types\/page"}],"author":[{"embeddable":true,"href":"https:\/\/filmfalt.media\/en\/wp-json\/wp\/v2\/users\/2"}],"replies":[{"embeddable":true,"href":"https:\/\/filmfalt.media\/en\/wp-json\/wp\/v2\/comments?post=3716"}],"version-history":[{"count":1,"href":"https:\/\/filmfalt.media\/en\/wp-json\/wp\/v2\/pages\/3716\/revisions"}],"predecessor-version":[{"id":3717,"href":"https:\/\/filmfalt.media\/en\/wp-json\/wp\/v2\/pages\/3716\/revisions\/3717"}],"wp:attachment":[{"href":"https:\/\/filmfalt.media\/en\/wp-json\/wp\/v2\/media?parent=3716"}],"curies":[{"name":"wp","href":"https:\/\/api.w.org\/{rel}","templated":true}]}}