{"id":3714,"date":"2020-08-11T15:53:10","date_gmt":"2020-08-11T13:53:10","guid":{"rendered":"https:\/\/filmfalt.media\/?page_id=3714"},"modified":"2021-04-20T11:00:06","modified_gmt":"2021-04-20T09:00:06","slug":"florian-platter-filmmaker-videojournalist-camera-edit-dronepilot","status":"publish","type":"page","link":"https:\/\/filmfalt.media\/en\/florian-platter-filmmaker-videojournalist-camera-edit-dronepilot\/","title":{"rendered":"Florian Platter | filmmaker | videojournalist | drone pilot | Vienna | Bozen\/IT"},"content":{"rendered":"<div class=\"wpb-content-wrapper\"><p>[vc_row full_width=&#8221;stretch_row&#8221; full_height=&#8221;yes&#8221; background_position=&#8221;center center&#8221; css=&#8221;.vc_custom_1588941687733{padding-top: 30px !important;padding-bottom: 30px !important;background-image: url(http:\/\/filmfalt.media\/wp-content\/uploads\/2020\/05\/Florian-Platter-Karlheinzfessl.com_-scaled-1.jpg?id=3010) !important;background-position: center !important;background-repeat: no-repeat !important;background-size: cover !important;}&#8221; el_class=&#8221;team-seite&#8221;][vc_column offset=&#8221;vc_col-lg-7 vc_col-md-10&#8243;][vc_row_inner][vc_column_inner]<div class=\"pt-special-heading pt-special-heading-5e284eb1211c3  wpb_animate_when_almost_visible wpb_fadeInLeft fadeInLeft tal\"><div class=\"heading-container\"><h6 class=\"sub-heading\">Sag es mit einem Film!<\/h6><h2 class=\"heading\">Florian Platter<\/h2><\/div><\/div>[vc_column_text el_class=&#8221;block-satz&#8221;]Mag. Florian Platter &#8211; Gr\u00fcnder und Gesch\u00e4ftsf\u00fchrer von FILMFALT Media &#8211; ist ausgebildeter Videojournalist und Filmemacher mit 12-j\u00e4hriger Berufserfahrung im Fernseh-, Onlinevideo- und Unternehmensfilm- Bereich. Er konzipiert, dreht und schneidet zahlreiche Projekte f\u00fcr namhafte Unternehmen &#8211; vom Imagefilm, \u00fcber Online-Kampagnen bis hin zu TV-Dokumentationen und Kinospots. Er ist zertifizierter Drohnenpilot und Lektor an der Fachhochschule Wien und leitet diverse Workshops rund um die Themen Corporate Film, Social Media Video Marketing und professionelles Filmen mit dem Smartphone.[\/vc_column_text][\/vc_column_inner][vc_column_inner offset=&#8221;vc_col-md-6&#8243;]<div class=\"icon-box-in-row icon-box-in-row-5e2849ad76b56 \"><div class=\"icon beautiful-camera-old-film-roll\"><\/div><div class=\"count\">3500<\/div><div class=\"heading\"><div class=\"cell\">Terabytes<br \/>\nFilmmaterial<\/div><\/div><\/div>[\/vc_column_inner][vc_column_inner offset=&#8221;vc_col-md-6&#8243;]<div class=\"icon-box-in-row icon-box-in-row-5e284a02e5f0a \"><div class=\"icon music-and-multimedia-linear-sound-frecuency\"><\/div><div class=\"count\">4<\/div><div class=\"heading\"><div class=\"cell\">Sprachig<br \/>\n(DE, ITA, ENG, FRA)<\/div><\/div><\/div>[\/vc_column_inner][vc_column_inner offset=&#8221;vc_col-md-6&#8243;]<div class=\"icon-box-in-row icon-box-in-row-5e284a535666b \"><div class=\"icon base-icons-placeholder\"><\/div><div class=\"count\">71<\/div><div class=\"heading\"><div class=\"cell\">besuchte<br \/>\nL\u00e4nder<\/div><\/div><\/div>[\/vc_column_inner][vc_column_inner offset=&#8221;vc_col-md-6&#8243;]<div class=\"icon-box-in-row icon-box-in-row-5e284a95b3699 \"><div class=\"icon beautiful-camera-polaroid-pictures\"><\/div><div class=\"count\">25340<\/div><div class=\"heading\"><div class=\"cell\">Fotos in den letzten 5 Jahren geschossen<\/div><\/div><\/div>[\/vc_column_inner][vc_column_inner css=&#8221;.vc_custom_1528805558428{padding-top: 25px !important;}&#8221;][\/vc_column_inner][\/vc_row_inner][\/vc_column][\/vc_row]<\/p>\n<\/div>","protected":false},"excerpt":{"rendered":"<p>[vc_row full_width=&#8221;stretch_row&#8221; full_height=&#8221;yes&#8221; background_position=&#8221;center center&#8221; css=&#8221;.vc_custom_1588941687733{padding-top: 30px !important;padding-bottom: 30px !important;background-image: url(http:\/\/filmfalt.media\/wp-content\/uploads\/2020\/05\/Florian-Platter-Karlheinzfessl.com_-scaled-1.jpg?id=3010) !important;background-position: center !important;background-repeat: no-repeat !important;background-size: cover !important;}&#8221; el_class=&#8221;team-seite&#8221;][vc_column offset=&#8221;vc_col-lg-7 vc_col-md-10&#8243;][vc_row_inner][vc_column_inner][vc_column_text el_class=&#8221;block-satz&#8221;]Mag. Florian Platter &#8211; Gr\u00fcnder und Gesch\u00e4ftsf\u00fchrer von FILMFALT Media &#8211; ist ausgebildeter Videojournalist und Filmemacher mit 12-j\u00e4hriger Berufserfahrung im Fernseh-, Onlinevideo- und Unternehmensfilm- Bereich. Er konzipiert, dreht und schneidet zahlreiche Projekte f\u00fcr namhafte [&hellip;]<\/p>\n","protected":false},"author":2,"featured_media":0,"parent":0,"menu_order":0,"comment_status":"closed","ping_status":"closed","template":"template-landing.php","meta":{"_acf_changed":false,"footnotes":""},"class_list":["post-3714","page","type-page","status-publish","hentry"],"acf":[],"yoast_head":"<!-- This site is optimized with the Yoast SEO plugin v24.7 - https:\/\/yoast.com\/wordpress\/plugins\/seo\/ -->\n<title>Florian Platter | filmmaker | videojournalist | drone pilot | Vienna | Bozen\/IT<\/title>\n<meta name=\"description\" content=\"Florian Platter is a filmmaker, videojournalist, editor, drone pilot &amp; founder of FILMFALT Media in Vienna. 14+ year of shooting experience.\" \/>\n<meta name=\"robots\" content=\"index, follow, max-snippet:-1, max-image-preview:large, max-video-preview:-1\" \/>\n<link rel=\"canonical\" href=\"https:\/\/filmfalt.media\/en\/all\/florian-platter-filmmaker-videojournalist-camera-edit-dronepilot\/\" \/>\n<meta property=\"og:locale\" content=\"en_US\" \/>\n<meta property=\"og:type\" content=\"article\" \/>\n<meta property=\"og:title\" content=\"Florian Platter | filmmaker | videojournalist | drone pilot | Vienna | Bozen\/IT\" \/>\n<meta property=\"og:description\" content=\"Florian Platter is a filmmaker, videojournalist, editor, drone pilot &amp; founder of FILMFALT Media in Vienna. 14+ year of shooting experience.\" \/>\n<meta property=\"og:url\" content=\"https:\/\/filmfalt.media\/en\/all\/florian-platter-filmmaker-videojournalist-camera-edit-dronepilot\/\" \/>\n<meta property=\"og:site_name\" content=\"FILMFALT MEDIA\" \/>\n<meta property=\"article:modified_time\" content=\"2021-04-20T09:00:06+00:00\" \/>\n<meta name=\"twitter:card\" content=\"summary_large_image\" \/>\n<meta name=\"twitter:label1\" content=\"Est. reading time\" \/>\n\t<meta name=\"twitter:data1\" content=\"2 minutes\" \/>\n<script type=\"application\/ld+json\" class=\"yoast-schema-graph\">{\"@context\":\"https:\/\/schema.org\",\"@graph\":[{\"@type\":\"WebPage\",\"@id\":\"https:\/\/filmfalt.media\/en\/all\/florian-platter-filmmaker-videojournalist-camera-edit-dronepilot\/\",\"url\":\"https:\/\/filmfalt.media\/en\/all\/florian-platter-filmmaker-videojournalist-camera-edit-dronepilot\/\",\"name\":\"Florian Platter | filmmaker | videojournalist | drone pilot | Vienna | Bozen\/IT\",\"isPartOf\":{\"@id\":\"https:\/\/filmfalt.media\/#website\"},\"datePublished\":\"2020-08-11T13:53:10+00:00\",\"dateModified\":\"2021-04-20T09:00:06+00:00\",\"description\":\"Florian Platter is a filmmaker, videojournalist, editor, drone pilot & founder of FILMFALT Media in Vienna. 14+ year of shooting experience.\",\"breadcrumb\":{\"@id\":\"https:\/\/filmfalt.media\/en\/all\/florian-platter-filmmaker-videojournalist-camera-edit-dronepilot\/#breadcrumb\"},\"inLanguage\":\"en-US\",\"potentialAction\":[{\"@type\":\"ReadAction\",\"target\":[\"https:\/\/filmfalt.media\/en\/all\/florian-platter-filmmaker-videojournalist-camera-edit-dronepilot\/\"]}]},{\"@type\":\"BreadcrumbList\",\"@id\":\"https:\/\/filmfalt.media\/en\/all\/florian-platter-filmmaker-videojournalist-camera-edit-dronepilot\/#breadcrumb\",\"itemListElement\":[{\"@type\":\"ListItem\",\"position\":1,\"name\":\"Home\",\"item\":\"https:\/\/filmfalt.media\/en\/\"},{\"@type\":\"ListItem\",\"position\":2,\"name\":\"Florian Platter | filmmaker | videojournalist | drone pilot | Vienna | Bozen\/IT\"}]},{\"@type\":\"WebSite\",\"@id\":\"https:\/\/filmfalt.media\/#website\",\"url\":\"https:\/\/filmfalt.media\/\",\"name\":\"FILMFALT MEDIA\",\"description\":\"Das Kreativkollektiv aus Wien. Wir produzieren hochwertige Imagefilme, Werbefilme, TV-Dokumentationen, Eventfilme und Social-Media-Videos. Sagen Sie es mit einem Film! FILMFALT Media.\",\"potentialAction\":[{\"@type\":\"SearchAction\",\"target\":{\"@type\":\"EntryPoint\",\"urlTemplate\":\"https:\/\/filmfalt.media\/?s={search_term_string}\"},\"query-input\":{\"@type\":\"PropertyValueSpecification\",\"valueRequired\":true,\"valueName\":\"search_term_string\"}}],\"inLanguage\":\"en-US\"}]}<\/script>\n<!-- \/ Yoast SEO plugin. -->","yoast_head_json":{"title":"Florian Platter | filmmaker | videojournalist | drone pilot | Vienna | Bozen\/IT","description":"Florian Platter is a filmmaker, videojournalist, editor, drone pilot & founder of FILMFALT Media in Vienna. 14+ year of shooting experience.","robots":{"index":"index","follow":"follow","max-snippet":"max-snippet:-1","max-image-preview":"max-image-preview:large","max-video-preview":"max-video-preview:-1"},"canonical":"https:\/\/filmfalt.media\/en\/all\/florian-platter-filmmaker-videojournalist-camera-edit-dronepilot\/","og_locale":"en_US","og_type":"article","og_title":"Florian Platter | filmmaker | videojournalist | drone pilot | Vienna | Bozen\/IT","og_description":"Florian Platter is a filmmaker, videojournalist, editor, drone pilot & founder of FILMFALT Media in Vienna. 14+ year of shooting experience.","og_url":"https:\/\/filmfalt.media\/en\/all\/florian-platter-filmmaker-videojournalist-camera-edit-dronepilot\/","og_site_name":"FILMFALT MEDIA","article_modified_time":"2021-04-20T09:00:06+00:00","twitter_card":"summary_large_image","twitter_misc":{"Est. reading time":"2 minutes"},"schema":{"@context":"https:\/\/schema.org","@graph":[{"@type":"WebPage","@id":"https:\/\/filmfalt.media\/en\/all\/florian-platter-filmmaker-videojournalist-camera-edit-dronepilot\/","url":"https:\/\/filmfalt.media\/en\/all\/florian-platter-filmmaker-videojournalist-camera-edit-dronepilot\/","name":"Florian Platter | filmmaker | videojournalist | drone pilot | Vienna | Bozen\/IT","isPartOf":{"@id":"https:\/\/filmfalt.media\/#website"},"datePublished":"2020-08-11T13:53:10+00:00","dateModified":"2021-04-20T09:00:06+00:00","description":"Florian Platter is a filmmaker, videojournalist, editor, drone pilot & founder of FILMFALT Media in Vienna. 14+ year of shooting experience.","breadcrumb":{"@id":"https:\/\/filmfalt.media\/en\/all\/florian-platter-filmmaker-videojournalist-camera-edit-dronepilot\/#breadcrumb"},"inLanguage":"en-US","potentialAction":[{"@type":"ReadAction","target":["https:\/\/filmfalt.media\/en\/all\/florian-platter-filmmaker-videojournalist-camera-edit-dronepilot\/"]}]},{"@type":"BreadcrumbList","@id":"https:\/\/filmfalt.media\/en\/all\/florian-platter-filmmaker-videojournalist-camera-edit-dronepilot\/#breadcrumb","itemListElement":[{"@type":"ListItem","position":1,"name":"Home","item":"https:\/\/filmfalt.media\/en\/"},{"@type":"ListItem","position":2,"name":"Florian Platter | filmmaker | videojournalist | drone pilot | Vienna | Bozen\/IT"}]},{"@type":"WebSite","@id":"https:\/\/filmfalt.media\/#website","url":"https:\/\/filmfalt.media\/","name":"FILMFALT MEDIA","description":"Das Kreativkollektiv aus Wien. Wir produzieren hochwertige Imagefilme, Werbefilme, TV-Dokumentationen, Eventfilme und Social-Media-Videos. Sagen Sie es mit einem Film! FILMFALT Media.","potentialAction":[{"@type":"SearchAction","target":{"@type":"EntryPoint","urlTemplate":"https:\/\/filmfalt.media\/?s={search_term_string}"},"query-input":{"@type":"PropertyValueSpecification","valueRequired":true,"valueName":"search_term_string"}}],"inLanguage":"en-US"}]}},"_links":{"self":[{"href":"https:\/\/filmfalt.media\/en\/wp-json\/wp\/v2\/pages\/3714","targetHints":{"allow":["GET"]}}],"collection":[{"href":"https:\/\/filmfalt.media\/en\/wp-json\/wp\/v2\/pages"}],"about":[{"href":"https:\/\/filmfalt.media\/en\/wp-json\/wp\/v2\/types\/page"}],"author":[{"embeddable":true,"href":"https:\/\/filmfalt.media\/en\/wp-json\/wp\/v2\/users\/2"}],"replies":[{"embeddable":true,"href":"https:\/\/filmfalt.media\/en\/wp-json\/wp\/v2\/comments?post=3714"}],"version-history":[{"count":3,"href":"https:\/\/filmfalt.media\/en\/wp-json\/wp\/v2\/pages\/3714\/revisions"}],"predecessor-version":[{"id":4726,"href":"https:\/\/filmfalt.media\/en\/wp-json\/wp\/v2\/pages\/3714\/revisions\/4726"}],"wp:attachment":[{"href":"https:\/\/filmfalt.media\/en\/wp-json\/wp\/v2\/media?parent=3714"}],"curies":[{"name":"wp","href":"https:\/\/api.w.org\/{rel}","templated":true}]}}